{"id":7689,"date":"2017-09-18T11:27:37","date_gmt":"2017-09-18T11:27:37","guid":{"rendered":"https:\/\/grupolince.com.br\/2021\/?page_id=7689"},"modified":"2024-07-24T13:17:10","modified_gmt":"2024-07-24T13:17:10","slug":"servicos","status":"publish","type":"page","link":"https:\/\/grupolince.com.br\/2021\/servicos\/","title":{"rendered":"Servi\u00e7os"},"content":{"rendered":"<p>[vc_row css=&#8221;.vc_custom_1505975565958{padding-bottom: 5% !important;}&#8221;][vc_column][vc_row_inner][vc_column_inner width=&#8221;1\/6&#8243;][\/vc_column_inner][vc_column_inner width=&#8221;2\/3&#8243;][vc_single_image image=&#8221;7827&#8243; img_size=&#8221;full&#8221; alignment=&#8221;center&#8221; css=&#8221;.vc_custom_1505823797609{margin-bottom: 20px !important;}&#8221;]<div class='dt-sc-title script-with-sub-title aligncenter'><h4>O mundo est\u00e1 cada vez mais complexo e demandante de solu\u00e7\u00f5es criativas.<\/h4><h2>Permita que nossos especialistas se superem.<\/h2><\/div>[vc_column_text][\/vc_column_text]<div class=\"ult-spacer spacer-69f4e8fbb6db2\" data-id=\"69f4e8fbb6db2\" data-height=\"10\" data-height-mobile=\"10\" data-height-tab=\"10\" data-height-tab-portrait=\"\" data-height-mobile-landscape=\"\" style=\"clear:both;display:block;\"><\/div>[\/vc_column_inner][vc_column_inner width=&#8221;1\/6&#8243;][\/vc_column_inner][\/vc_row_inner][vc_row_inner][vc_column_inner width=&#8221;1\/3&#8243;][vc_custom_heading text=&#8221;Seguran\u00e7a Patrimonial&#8221; font_container=&#8221;tag:h4|text_align:center&#8221; use_theme_fonts=&#8221;yes&#8221;]<div class=\"ult-new-ib ult-ib-effect-style6  ult-ib-resp   vc_custom_1721677333042\" data-min-width=\"768\" data-max-width=\"900\" style=\"background:#000000;\" data-opacity=\"1\" data-hover-opacity=\"0.8\" ><img decoding=\"async\" class=\"ult-new-ib-img\" style=\"opacity:1;\" alt=\"null\" src=\"https:\/\/grupolince.com.br\/2021\/wp-content\/uploads\/2024\/07\/portrait-male-security-guard-with-radio-station-camera-screens-scaled.jpg\"   \/><div id=\"interactive-banner-wrap-3755\" class=\"ult-new-ib-desc\" style=\"\"><h2 class=\"ult-new-ib-title ult-responsive\"  data-ultimate-target='#interactive-banner-wrap-3755 .ult-new-ib-title'  data-responsive-json-new='{\"font-size\":\"\",\"line-height\":\"\"}'  style=\"font-weight:normal;\"><\/h2><\/div><\/div><script type=\"text\/javascript\">\r\n\t\t\t(function($){\r\n\t\t\t\t$(document).ready(function(){\r\n\t\t\t\t\t$(\".ult-new-ib\").css(\"opacity\",\"1\");\r\n\t\t\t\t});\r\n\t\t\t})(jQuery);\r\n\t\t\t<\/script>[vc_column_text]<\/p>\n<p style=\"text-align: center;\">Oferecemos um servi\u00e7o de seguran\u00e7a patrimonial completo e cont\u00ednuo, com monitoramento e suporte 24 horas por dia, 7 dias por semana, para assegurar que sua propriedade esteja sempre protegida.<\/p>\n<p>[\/vc_column_text][\/vc_column_inner][vc_column_inner width=&#8221;1\/3&#8243;][vc_custom_heading text=&#8221;Portaria&#8221; font_container=&#8221;tag:h4|text_align:center&#8221; use_theme_fonts=&#8221;yes&#8221;]<div class=\"ult-new-ib ult-ib-effect-style6  ult-ib-resp   vc_custom_1721736886979\" data-min-width=\"768\" data-max-width=\"900\" style=\"background:#000000;\" data-opacity=\"1\" data-hover-opacity=\"0.8\" ><img decoding=\"async\" class=\"ult-new-ib-img\" style=\"opacity:1;\" alt=\"null\" src=\"https:\/\/grupolince.com.br\/2021\/wp-content\/uploads\/2024\/07\/portrait-male-security-guard-with-uniform-scaled.jpg\"   \/><div id=\"interactive-banner-wrap-9532\" class=\"ult-new-ib-desc\" style=\"\"><h2 class=\"ult-new-ib-title ult-responsive\"  data-ultimate-target='#interactive-banner-wrap-9532 .ult-new-ib-title'  data-responsive-json-new='{\"font-size\":\"\",\"line-height\":\"\"}'  style=\"font-weight:normal;\"><\/h2><\/div><\/div><script type=\"text\/javascript\">\r\n\t\t\t(function($){\r\n\t\t\t\t$(document).ready(function(){\r\n\t\t\t\t\t$(\".ult-new-ib\").css(\"opacity\",\"1\");\r\n\t\t\t\t});\r\n\t\t\t})(jQuery);\r\n\t\t\t<\/script>[vc_column_text]<\/p>\n<p style=\"text-align: center;\">Oferecemos um atendimento ao p\u00fablico de alta qualidade, ajudando com informa\u00e7\u00f5es, orienta\u00e7\u00f5es e suporte para residentes e visitantes. Nossa equipe \u00e9 treinada para lidar com situa\u00e7\u00f5es diversas e resolver problemas com empatia e efici\u00eancia.<\/p>\n<p>[\/vc_column_text][\/vc_column_inner][vc_column_inner width=&#8221;1\/3&#8243;][vc_custom_heading text=&#8221;Controle de Acesso&#8221; font_container=&#8221;tag:h4|text_align:center&#8221; use_theme_fonts=&#8221;yes&#8221;]<div class=\"ult-new-ib ult-ib-effect-style6  ult-ib-resp   vc_custom_1721737680102\" data-min-width=\"768\" data-max-width=\"900\" style=\"background:#000000;\" data-opacity=\"1\" data-hover-opacity=\"0.8\" ><img decoding=\"async\" class=\"ult-new-ib-img\" style=\"opacity:1;\" alt=\"null\" src=\"https:\/\/grupolince.com.br\/2021\/wp-content\/uploads\/2024\/07\/1-scaled.jpg\"   \/><div id=\"interactive-banner-wrap-6472\" class=\"ult-new-ib-desc\" style=\"\"><h2 class=\"ult-new-ib-title ult-responsive\"  data-ultimate-target='#interactive-banner-wrap-6472 .ult-new-ib-title'  data-responsive-json-new='{\"font-size\":\"\",\"line-height\":\"\"}'  style=\"font-weight:normal;\"><\/h2><\/div><\/div><script type=\"text\/javascript\">\r\n\t\t\t(function($){\r\n\t\t\t\t$(document).ready(function(){\r\n\t\t\t\t\t$(\".ult-new-ib\").css(\"opacity\",\"1\");\r\n\t\t\t\t});\r\n\t\t\t})(jQuery);\r\n\t\t\t<\/script>[vc_column_text]<\/p>\n<p style=\"text-align: center;\">Gerenciamos o controle de acesso para \u00e1reas restritas, garantindo que apenas pessoas autorizadas possam entrar em locais sens\u00edveis. Utilizamos sistemas modernos de identifica\u00e7\u00e3o e registro de visitantes para manter a seguran\u00e7a e a ordem.<\/p>\n<p>[\/vc_column_text][\/vc_column_inner][\/vc_row_inner][vc_row_inner][vc_column_inner width=&#8221;1\/3&#8243;][vc_custom_heading text=&#8221;Seguran\u00e7a Electr\u00f3nica&#8221; font_container=&#8221;tag:h4|text_align:center&#8221; use_theme_fonts=&#8221;yes&#8221;]<div class=\"ult-new-ib ult-ib-effect-style6  ult-ib-resp   vc_custom_1721737965062\" data-min-width=\"768\" data-max-width=\"900\" style=\"background:#000000;\" data-opacity=\"1\" data-hover-opacity=\"0.8\" ><img decoding=\"async\" class=\"ult-new-ib-img\" style=\"opacity:1;\" alt=\"null\" src=\"https:\/\/grupolince.com.br\/2021\/wp-content\/uploads\/2024\/07\/2-scaled.jpg\"   \/><div id=\"interactive-banner-wrap-5757\" class=\"ult-new-ib-desc\" style=\"\"><h2 class=\"ult-new-ib-title ult-responsive\"  data-ultimate-target='#interactive-banner-wrap-5757 .ult-new-ib-title'  data-responsive-json-new='{\"font-size\":\"\",\"line-height\":\"\"}'  style=\"font-weight:normal;\"><\/h2><\/div><\/div><script type=\"text\/javascript\">\r\n\t\t\t(function($){\r\n\t\t\t\t$(document).ready(function(){\r\n\t\t\t\t\t$(\".ult-new-ib\").css(\"opacity\",\"1\");\r\n\t\t\t\t});\r\n\t\t\t})(jQuery);\r\n\t\t\t<\/script>[vc_column_text]Gerencie quem entra e sai do seu local com nossos sistemas modernos de controle de acesso. Desde leitores de cart\u00f5es at\u00e9 sistemas biom\u00e9tricos, temos a solu\u00e7\u00e3o ideal para sua necessidade.<\/p>\n<ul>\n<li><strong>Controle por Cart\u00e3o, Senha ou Biometria<\/strong><\/li>\n<li><strong>Registro de Acesso em Tempo Real<\/strong><\/li>\n<li><strong>Integra\u00e7\u00e3o com Sistemas de Seguran\u00e7a<\/strong><\/li>\n<li><strong>Solu\u00e7\u00f5es Personalizadas para Empresas e Resid\u00eancias<\/strong><\/li>\n<\/ul>\n<p>[\/vc_column_text][\/vc_column_inner][vc_column_inner width=&#8221;1\/3&#8243;][vc_custom_heading text=&#8221;CFTV&#8221; font_container=&#8221;tag:h4|text_align:center&#8221; use_theme_fonts=&#8221;yes&#8221;]<div class=\"ult-new-ib ult-ib-effect-style6  ult-ib-resp   vc_custom_1721742616636\" data-min-width=\"768\" data-max-width=\"900\" style=\"background:#000000;\" data-opacity=\"1\" data-hover-opacity=\"0.8\" ><img decoding=\"async\" class=\"ult-new-ib-img\" style=\"opacity:1;\" alt=\"null\" src=\"https:\/\/grupolince.com.br\/2021\/wp-content\/uploads\/2024\/07\/3-scaled.jpg\"   \/><div id=\"interactive-banner-wrap-5711\" class=\"ult-new-ib-desc\" style=\"\"><h2 class=\"ult-new-ib-title ult-responsive\"  data-ultimate-target='#interactive-banner-wrap-5711 .ult-new-ib-title'  data-responsive-json-new='{\"font-size\":\"\",\"line-height\":\"\"}'  style=\"font-weight:normal;\"><\/h2><\/div><\/div><script type=\"text\/javascript\">\r\n\t\t\t(function($){\r\n\t\t\t\t$(document).ready(function(){\r\n\t\t\t\t\t$(\".ult-new-ib\").css(\"opacity\",\"1\");\r\n\t\t\t\t});\r\n\t\t\t})(jQuery);\r\n\t\t\t<\/script>[vc_column_text]Proporcione uma vis\u00e3o clara e detalhada de cada canto do seu espa\u00e7o com nossos servi\u00e7os profissionais de instala\u00e7\u00e3o de sistemas de CFTV.<\/p>\n<ul>\n<li><strong>Instala\u00e7\u00e3o de C\u00e2meras de Alta Defini\u00e7\u00e3o:<\/strong> Imagens n\u00edtidas e detalhadas com c\u00e2meras HD e 4K.<\/li>\n<li><strong>Sistemas de Grava\u00e7\u00e3o e Armazenamento:<\/strong> DVR e NVR para armazenamento seguro e acess\u00edvel.<\/li>\n<li><strong>Monitoramento Remoto:<\/strong> Acesso \u00e0s c\u00e2meras de qualquer lugar atrav\u00e9s de aplicativos e software dedicados.<\/li>\n<li><strong>Configura\u00e7\u00e3o Personalizada:<\/strong> Solu\u00e7\u00f5es adaptadas \u00e0s suas necessidades espec\u00edficas de seguran\u00e7a.<\/li>\n<\/ul>\n<p>[\/vc_column_text][\/vc_column_inner][vc_column_inner width=&#8221;1\/3&#8243;][vc_custom_heading text=&#8221;Alarmes Inteligentes&#8221; font_container=&#8221;tag:h4|text_align:center&#8221; use_theme_fonts=&#8221;yes&#8221;]<div class=\"ult-new-ib ult-ib-effect-style6  ult-ib-resp   vc_custom_1721742941346\" data-min-width=\"768\" data-max-width=\"900\" style=\"background:#000000;\" data-opacity=\"1\" data-hover-opacity=\"0.8\" ><img decoding=\"async\" class=\"ult-new-ib-img\" style=\"opacity:1;\" alt=\"null\" src=\"https:\/\/grupolince.com.br\/2021\/wp-content\/uploads\/2024\/07\/4-scaled.jpg\"   \/><div id=\"interactive-banner-wrap-5091\" class=\"ult-new-ib-desc\" style=\"\"><h2 class=\"ult-new-ib-title ult-responsive\"  data-ultimate-target='#interactive-banner-wrap-5091 .ult-new-ib-title'  data-responsive-json-new='{\"font-size\":\"\",\"line-height\":\"\"}'  style=\"font-weight:normal;\"><\/h2><\/div><\/div><script type=\"text\/javascript\">\r\n\t\t\t(function($){\r\n\t\t\t\t$(document).ready(function(){\r\n\t\t\t\t\t$(\".ult-new-ib\").css(\"opacity\",\"1\");\r\n\t\t\t\t});\r\n\t\t\t})(jQuery);\r\n\t\t\t<\/script>[vc_column_text]Garanta a m\u00e1xima prote\u00e7\u00e3o com nossos sistemas avan\u00e7ados de alarmes inteligentes, que combinam tecnologia de \u00faltima gera\u00e7\u00e3o com uma instala\u00e7\u00e3o profissional e eficiente.<\/p>\n<ul>\n<li><strong>Alarmes com Detec\u00e7\u00e3o Avan\u00e7ada:<\/strong> Sensores de movimento, quebra de vidro e abertura de portas e janelas.<\/li>\n<li><strong>Integra\u00e7\u00e3o com Aplicativos M\u00f3veis:<\/strong> Controle e monitore seu sistema de alarme de qualquer lugar com o seu smartphone.<\/li>\n<li><strong>Sistema de Alarme com Notifica\u00e7\u00f5es em Tempo Real:<\/strong> Receba alertas instant\u00e2neos sobre qualquer atividade suspeita ou situa\u00e7\u00e3o de emerg\u00eancia.<\/li>\n<\/ul>\n<p>[\/vc_column_text][\/vc_column_inner][\/vc_row_inner][vc_row_inner][vc_column_inner width=&#8221;1\/3&#8243;][vc_custom_heading text=&#8221;Rondas com as devidas justificativas em tempo real&#8221; font_container=&#8221;tag:h4|text_align:center&#8221; use_theme_fonts=&#8221;yes&#8221;]<div class=\"ult-new-ib ult-ib-effect-style6  ult-ib-resp   vc_custom_1721743291046\" data-min-width=\"768\" data-max-width=\"900\" style=\"background:#000000;\" data-opacity=\"1\" data-hover-opacity=\"0.8\" ><img decoding=\"async\" class=\"ult-new-ib-img\" style=\"opacity:1;\" alt=\"null\" src=\"https:\/\/grupolince.com.br\/2021\/wp-content\/uploads\/2024\/07\/5-scaled.jpg\"   \/><div id=\"interactive-banner-wrap-8941\" class=\"ult-new-ib-desc\" style=\"\"><h2 class=\"ult-new-ib-title ult-responsive\"  data-ultimate-target='#interactive-banner-wrap-8941 .ult-new-ib-title'  data-responsive-json-new='{\"font-size\":\"\",\"line-height\":\"\"}'  style=\"font-weight:normal;\"><\/h2><\/div><\/div><script type=\"text\/javascript\">\r\n\t\t\t(function($){\r\n\t\t\t\t$(document).ready(function(){\r\n\t\t\t\t\t$(\".ult-new-ib\").css(\"opacity\",\"1\");\r\n\t\t\t\t});\r\n\t\t\t})(jQuery);\r\n\t\t\t<\/script>[vc_column_text]Detalhes das rondas com as devidas justificativas em tempo real no pr\u00f3prio aplicativo[\/vc_column_text][\/vc_column_inner][vc_column_inner width=&#8221;1\/3&#8243;][vc_custom_heading text=&#8221;Cobertura de f\u00e9rias para seus funcion\u00e1rios&#8221; font_container=&#8221;tag:h4|text_align:center&#8221; use_theme_fonts=&#8221;yes&#8221;]<div class=\"ult-new-ib ult-ib-effect-style6  ult-ib-resp   vc_custom_1721743587022\" data-min-width=\"768\" data-max-width=\"900\" style=\"background:#000000;\" data-opacity=\"1\" data-hover-opacity=\"0.8\" ><img decoding=\"async\" class=\"ult-new-ib-img\" style=\"opacity:1;\" alt=\"null\" src=\"https:\/\/grupolince.com.br\/2021\/wp-content\/uploads\/2024\/07\/6-scaled.jpg\"   \/><div id=\"interactive-banner-wrap-3174\" class=\"ult-new-ib-desc\" style=\"\"><h2 class=\"ult-new-ib-title ult-responsive\"  data-ultimate-target='#interactive-banner-wrap-3174 .ult-new-ib-title'  data-responsive-json-new='{\"font-size\":\"\",\"line-height\":\"\"}'  style=\"font-weight:normal;\"><\/h2><\/div><\/div><script type=\"text\/javascript\">\r\n\t\t\t(function($){\r\n\t\t\t\t$(document).ready(function(){\r\n\t\t\t\t\t$(\".ult-new-ib\").css(\"opacity\",\"1\");\r\n\t\t\t\t});\r\n\t\t\t})(jQuery);\r\n\t\t\t<\/script>[vc_column_text]<\/p>\n<p style=\"text-align: center;\">O Grupo Lince se encarrega pela substitui\u00e7\u00e3o, dispondo de um profissional treinado.<\/p>\n<p>Com a nossa cobertura voc\u00ea ter\u00e1 dispon\u00edvel um profissional habilitado para a fun\u00e7\u00e3o no per\u00edodo que voc\u00ea precisa, para in\u00edcio imediato.[\/vc_column_text][\/vc_column_inner][vc_column_inner width=&#8221;1\/3&#8243;][vc_custom_heading text=&#8221;Venda e instala\u00e7\u00e3o de c\u00e2meras e alarmes&#8221; font_container=&#8221;tag:h4|text_align:center&#8221; use_theme_fonts=&#8221;yes&#8221;]<div class=\"ult-new-ib ult-ib-effect-style6  ult-ib-resp   vc_custom_1721744142288\" data-min-width=\"768\" data-max-width=\"900\" style=\"background:#000000;\" data-opacity=\"1\" data-hover-opacity=\"0.8\" ><img decoding=\"async\" class=\"ult-new-ib-img\" style=\"opacity:1;\" alt=\"null\" src=\"https:\/\/grupolince.com.br\/2021\/wp-content\/uploads\/2024\/07\/7-scaled.jpg\"   \/><div id=\"interactive-banner-wrap-6619\" class=\"ult-new-ib-desc\" style=\"\"><h2 class=\"ult-new-ib-title ult-responsive\"  data-ultimate-target='#interactive-banner-wrap-6619 .ult-new-ib-title'  data-responsive-json-new='{\"font-size\":\"\",\"line-height\":\"\"}'  style=\"font-weight:normal;\"><\/h2><\/div><\/div><script type=\"text\/javascript\">\r\n\t\t\t(function($){\r\n\t\t\t\t$(document).ready(function(){\r\n\t\t\t\t\t$(\".ult-new-ib\").css(\"opacity\",\"1\");\r\n\t\t\t\t});\r\n\t\t\t})(jQuery);\r\n\t\t\t<\/script>[vc_column_text]<\/p>\n<p style=\"text-align: center;\">A instala\u00e7\u00e3o de c\u00e2meras de seguran\u00e7a \u00e9 um investimento valioso para proteger o que \u00e9 mais importante para voc\u00ea. Ao considerar os fatores que influenciam o pre\u00e7o e escolher um sistema que atenda \u00e0s suas necessidades, voc\u00ea estar\u00e1 garantindo sua tranquilidade a um pre\u00e7o justo.<\/p>\n<p>[\/vc_column_text][\/vc_column_inner][\/vc_row_inner][\/vc_column][\/vc_row][vc_row full_width=&#8221;stretch_row_content_no_spaces&#8221; content_placement=&#8221;middle&#8221; css=&#8221;.vc_custom_1506431355275{margin-bottom: 5% !important;background-color: rgba(0,0,0,0.05) !important;*background-color: rgb(0,0,0) !important;}&#8221;][vc_column width=&#8221;1\/2&#8243; el_class=&#8221;rs_col-sm-12&#8243; offset=&#8221;vc_col-lg-6 vc_col-md-12&#8243;][vc_single_image image=&#8221;9768&#8243; img_size=&#8221;full&#8221; css=&#8221;.vc_custom_1721745367320{margin-bottom: 0px !important;}&#8221;][\/vc_column][vc_column width=&#8221;1\/2&#8243; el_class=&#8221;rs_col-sm-12&#8243; offset=&#8221;vc_col-lg-6 vc_col-md-12&#8243;][vc_row_inner css=&#8221;.vc_custom_1505801327444{padding-left: 30px !important;}&#8221;][vc_column_inner width=&#8221;1\/2&#8243;]<div class=\"aio-icon-component    style_3\"><div id=\"Info-box-wrap-7951\" class=\"aio-icon-box left-icon\" style=\"\"  ><div class=\"aio-icon-left\"><div class=\"ult-just-icon-wrapper  \"><div class=\"align-icon\" style=\"text-align:center;\">\n<div class=\"aio-icon-img \" style=\"font-size:54px;display:inline-block;\" >\n\t<img decoding=\"async\" class=\"img-icon\" alt=\"null\" src=\"https:\/\/grupolince.com.br\/2021\/wp-content\/uploads\/2017\/09\/img4.png\"\/>\n<\/div><\/div><\/div><\/div><div class=\"aio-ibd-block\"><div class=\"aio-icon-header\" ><h3 class=\"aio-icon-title ult-responsive\"  data-ultimate-target='#Info-box-wrap-7951 .aio-icon-title'  data-responsive-json-new='{\"font-size\":\"\",\"line-height\":\"\"}'  style=\"\">Instala\u00e7\u00e3o de cameras de seguran\u00e7a pre\u00e7o<\/h3><\/div> <!-- header --><div class=\"aio-icon-description ult-responsive\"  data-ultimate-target='#Info-box-wrap-7951 .aio-icon-description'  data-responsive-json-new='{\"font-size\":\"\",\"line-height\":\"\"}'  style=\"\">Instala\u00e7\u00e3o de cameras de seguran\u00e7a pre\u00e7o, a seguran\u00e7a \u00e9 uma preocupa\u00e7\u00e3o fundamental para todos, e a instala\u00e7\u00e3o de c\u00e2meras de seguran\u00e7a tornou-se uma solu\u00e7\u00e3o cada vez mais acess\u00edvel. Neste artigo, exploraremos a import\u00e2ncia desse servi\u00e7o, os fatores que influenciam o pre\u00e7o e como escolher a melhor op\u00e7\u00e3o para suas necessidades.<\/div> <!-- description --><\/div> <!-- aio-ibd-block --><\/div> <!-- aio-icon-box --><\/div> <!-- aio-icon-component --><div class=\"aio-icon-component    style_3\"><div id=\"Info-box-wrap-9987\" class=\"aio-icon-box left-icon\" style=\"\"  ><div class=\"aio-icon-left\"><div class=\"ult-just-icon-wrapper  \"><div class=\"align-icon\" style=\"text-align:center;\">\n<div class=\"aio-icon-img \" style=\"font-size:54px;display:inline-block;\" >\n\t<img decoding=\"async\" class=\"img-icon\" alt=\"null\" src=\"https:\/\/grupolince.com.br\/2021\/wp-content\/uploads\/2017\/09\/img9.png\"\/>\n<\/div><\/div><\/div><\/div><div class=\"aio-ibd-block\"><div class=\"aio-icon-header\" ><h3 class=\"aio-icon-title ult-responsive\"  data-ultimate-target='#Info-box-wrap-9987 .aio-icon-title'  data-responsive-json-new='{\"font-size\":\"\",\"line-height\":\"\"}'  style=\"\">Fatores que Influenciam o Pre\u00e7o<\/h3><\/div> <!-- header --><div class=\"aio-icon-description ult-responsive\"  data-ultimate-target='#Info-box-wrap-9987 .aio-icon-description'  data-responsive-json-new='{\"font-size\":\"\",\"line-height\":\"\"}'  style=\"\">O custo da instala\u00e7\u00e3o de c\u00e2meras de seguran\u00e7a pode variar dependendo de diversos fatores, incluindo o tipo de sistema escolhido, a quantidade de c\u00e2meras, a complexidade da instala\u00e7\u00e3o e a qualidade dos equipamentos. Avaliar suas necessidades e or\u00e7amento \u00e9 essencial para encontrar a melhor rela\u00e7\u00e3o custo-benef\u00edcio.<\/div> <!-- description --><\/div> <!-- aio-ibd-block --><\/div> <!-- aio-icon-box --><\/div> <!-- aio-icon-component --><div class=\"aio-icon-component    style_3\"><div id=\"Info-box-wrap-9925\" class=\"aio-icon-box left-icon\" style=\"\"  ><div class=\"aio-icon-left\"><div class=\"ult-just-icon-wrapper  \"><div class=\"align-icon\" style=\"text-align:center;\">\n<div class=\"aio-icon-img \" style=\"font-size:54px;display:inline-block;\" >\n\t<img decoding=\"async\" class=\"img-icon\" alt=\"null\" src=\"https:\/\/grupolince.com.br\/2021\/wp-content\/uploads\/2017\/09\/img4.jpg\"\/>\n<\/div><\/div><\/div><\/div><div class=\"aio-ibd-block\"><div class=\"aio-icon-header\" ><h3 class=\"aio-icon-title ult-responsive\"  data-ultimate-target='#Info-box-wrap-9925 .aio-icon-title'  data-responsive-json-new='{\"font-size\":\"\",\"line-height\":\"\"}'  style=\"\">Escolhendo o Sistema Ideal<\/h3><\/div> <!-- header --><div class=\"aio-icon-description ult-responsive\"  data-ultimate-target='#Info-box-wrap-9925 .aio-icon-description'  data-responsive-json-new='{\"font-size\":\"\",\"line-height\":\"\"}'  style=\"\">Existem diversos tipos de sistemas de c\u00e2meras de seguran\u00e7a, desde op\u00e7\u00f5es simples at\u00e9 solu\u00e7\u00f5es mais avan\u00e7adas com monitoramento remoto. Avaliamos suas necessidades espec\u00edficas, como a \u00e1rea a ser coberta e a capacidade de armazenamento necess\u00e1rio, para escolher o sistema ideal para voc\u00ea.<\/div> <!-- description --><\/div> <!-- aio-ibd-block --><\/div> <!-- aio-icon-box --><\/div> <!-- aio-icon-component -->[\/vc_column_inner][vc_column_inner width=&#8221;1\/2&#8243;][\/vc_column_inner][\/vc_row_inner][\/vc_column][\/vc_row][vc_row][vc_column]<div class=\"ult-spacer spacer-69f4e8fbe06de\" data-id=\"69f4e8fbe06de\" data-height=\"80\" data-height-mobile=\"80\" data-height-tab=\"80\" data-height-tab-portrait=\"\" data-height-mobile-landscape=\"\" style=\"clear:both;display:block;\"><\/div>[\/vc_column][\/vc_row]<\/p>\n","protected":false},"excerpt":{"rendered":"<p>[vc_row css=&#8221;.vc_custom_1505975565958{padding-bottom: 5% !important;}&#8221;][vc_column][vc_row_inner][vc_column_inner width=&#8221;1\/6&#8243;][\/vc_column_inner][vc_column_inner width=&#8221;2\/3&#8243;][vc_single_image image=&#8221;7827&#8243; img_size=&#8221;full&#8221; alignment=&#8221;center&#8221; css=&#8221;.vc_custom_1505823797609{margin-bottom: 20px !important;}&#8221;][vc_column_text][\/vc_column_text][\/vc_column_inner][vc_column_inner width=&#8221;1\/6&#8243;][\/vc_column_inner][\/vc_row_inner][vc_row_inner][vc_column_inner width=&#8221;1\/3&#8243;][vc_custom_heading text=&#8221;Seguran\u00e7a Patrimonial&#8221; font_container=&#8221;tag:h4|text_align:center&#8221; use_theme_fonts=&#8221;yes&#8221;][vc_column_text] Oferecemos um servi\u00e7o de seguran\u00e7a patrimonial completo e cont\u00ednuo, com monitoramento e suporte 24 horas por dia, 7 dias por semana, para assegurar que sua propriedade esteja sempre protegida. [\/vc_column_text][\/vc_column_inner][vc_column_inner width=&#8221;1\/3&#8243;][vc_custom_heading text=&#8221;Portaria&#8221; font_container=&#8221;tag:h4|text_align:center&#8221; use_theme_fonts=&#8221;yes&#8221;][vc_column_text] Oferecemos um atendimento [&hellip;]<\/p>\n","protected":false},"author":1,"featured_media":0,"parent":0,"menu_order":0,"comment_status":"closed","ping_status":"closed","template":"","meta":{"footnotes":""},"class_list":["post-7689","page","type-page","status-publish","hentry"],"_links":{"self":[{"href":"https:\/\/grupolince.com.br\/2021\/wp-json\/wp\/v2\/pages\/7689"}],"collection":[{"href":"https:\/\/grupolince.com.br\/2021\/wp-json\/wp\/v2\/pages"}],"about":[{"href":"https:\/\/grupolince.com.br\/2021\/wp-json\/wp\/v2\/types\/page"}],"author":[{"embeddable":true,"href":"https:\/\/grupolince.com.br\/2021\/wp-json\/wp\/v2\/users\/1"}],"replies":[{"embeddable":true,"href":"https:\/\/grupolince.com.br\/2021\/wp-json\/wp\/v2\/comments?post=7689"}],"version-history":[{"count":49,"href":"https:\/\/grupolince.com.br\/2021\/wp-json\/wp\/v2\/pages\/7689\/revisions"}],"predecessor-version":[{"id":9819,"href":"https:\/\/grupolince.com.br\/2021\/wp-json\/wp\/v2\/pages\/7689\/revisions\/9819"}],"wp:attachment":[{"href":"https:\/\/grupolince.com.br\/2021\/wp-json\/wp\/v2\/media?parent=7689"}],"curies":[{"name":"wp","href":"https:\/\/api.w.org\/{rel}","templated":true}]}}